{"id":1751,"date":"2020-10-14T14:59:09","date_gmt":"2020-10-14T12:59:09","guid":{"rendered":"http:\/\/qbergsrl.wpengine.com\/chi-siamo\/"},"modified":"2021-04-22T17:05:03","modified_gmt":"2021-04-22T15:05:03","slug":"nosotros","status":"publish","type":"page","link":"https:\/\/www.qberg.com\/es\/nosotros\/","title":{"rendered":"Nosotros"},"content":{"rendered":"\n<div class=\"wp-block-genesis-blocks-gb-columns gb-layout-columns-1 one-column gb-background-cover gb-background-no-repeat has-theme-secondary-background-color gb-columns-center alignfull\" style=\"padding-top:4%;padding-right:8%;padding-bottom:4%;padding-left:8%;background-image:url(https:\/\/www.qberg.com\/wp-content\/uploads\/2020\/11\/G-commercial-6_1_1.jpg);background-position:73% 39%\"><div class=\"gb-layout-column-wrap gb-block-layout-column-gap-0 gb-is-responsive-column\" style=\"max-width:1200px\">\n<div class=\"wp-block-genesis-blocks-gb-column gb-block-layout-column\"><div class=\"gb-block-layout-column-inner\">\n<h1 class=\"has-text-align-left is-style-xl-text has-text-color wp-block-heading\" style=\"color:#ffffff\">&nbsp;Nosotros<\/h1>\n\n\n\n<p><\/p>\n<\/div><\/div>\n<\/div><\/div>\n\n\n\n<div style=\"padding-left:8%;padding-right:8%;padding-bottom:10%\" class=\"wp-block-genesis-blocks-gb-container is-style-default gb-block-container alignfull\"><div class=\"gb-container-inside\"><div class=\"gb-container-content\" style=\"max-width:1200px\">\n<div class=\"wp-block-genesis-blocks-gb-columns gb-layout-columns-2 gb-2-col-wideright\"><div class=\"gb-layout-column-wrap gb-block-layout-column-gap-2 gb-is-responsive-column\">\n<div class=\"wp-block-genesis-blocks-gb-column gb-block-layout-column\"><div class=\"gb-block-layout-column-inner\">\n<p><\/p>\n<\/div><\/div>\n\n\n\n<div class=\"wp-block-genesis-blocks-gb-column is-style-offset-up gb-block-layout-column\"><div class=\"gb-block-layout-column-inner gb-has-custom-background-color\" style=\"padding:20px;background-color:#faf7f4\">\n<p class=\"has-text-align-right has-text-color has-background\" style=\"background-color:#866185;color:#fcfcfc\"><strong>Inteligencia de precios para nosotros significa proporcionar herramientas para conocer y dominar el mercado<\/strong><\/p>\n<\/div><\/div>\n<\/div><\/div>\n\n\n\n<h2 class=\"has-text-align-left has-text-color wp-block-heading\" style=\"color:#554948\"><strong>Una referencia en servicios de inteligencia de precios multicanal<\/strong><\/h2>\n\n\n\n<div class=\"wp-block-columns is-layout-flex wp-container-core-columns-is-layout-9d6595d7 wp-block-columns-is-layout-flex\">\n<div class=\"wp-block-column is-layout-flow wp-block-column-is-layout-flow\" style=\"flex-basis:33.33%\">\n<hr class=\"wp-block-separator is-style-theme-separator\"\/>\n\n\n\n<p><\/p>\n<\/div>\n\n\n\n<div class=\"wp-block-column is-layout-flow wp-block-column-is-layout-flow\" style=\"flex-basis:66.66%\">\n<p class=\"has-theme-secondary-color has-text-color\">QBerg es un instituto de investigaci\u00f3n fundado en 2005 con una misi\u00f3n espec\u00edfica: dotar a sus clientes de las herramientas adecuadas para conocer y dominar el mercado de bienes de consumo.<\/p>\n\n\n\n<p class=\"has-theme-secondary-color has-text-color\">Esto lo logramos gracias a un seguimiento constante a nivel cualitativo y cuantitativo de aspectos importantes del panorama competitivo como pueden ser los folletos promocionales, la disposici\u00f3n de las estanter\u00edas y las actividades relacionadas con el mundo digital, a trav\u00e9s de boletines y p\u00e1ginas de comercio electr\u00f3nico.<\/p>\n\n\n\n<p><\/p>\n<\/div>\n<\/div>\n\n\n\n<p>El apoyo ad hoc en las tiendas, con las actividades de vendedores y promotores que tambi\u00e9n confluyen en QPoint, los proyectos de ciencia de datos y el asesoramiento para la lectura estrat\u00e9gica de los datos completan la gama de servicios que QBerg puede ofrecer. Todo esto a trav\u00e9s de plataformas en l\u00ednea que permiten que el cliente haga un uso ubicuo de los datos a cualquier nivel.<\/p>\n<\/div><\/div><\/div>\n\n\n\n<div class=\"wp-block-group is-layout-flow wp-block-group-is-layout-flow\"><div class=\"wp-block-group__inner-container\"><\/div><\/div>\n\n\n\n<div class=\"wp-block-cover alignfull has-background-dim has-parallax\" style=\"background-image:url(https:\/\/www.qberg.com\/wp-content\/uploads\/2020\/11\/UT-Foto-brochure004-BN-xsito_1_1.jpg);background-color:#171717\"><div class=\"wp-block-cover__inner-container is-layout-flow wp-block-cover-is-layout-flow\">\n<p class=\"has-text-align-center has-large-font-size\"><\/p>\n<\/div><\/div>\n\n\n\n<div style=\"padding-left:8%;padding-right:8%;padding-bottom:10%;padding-top:10%\" class=\"wp-block-genesis-blocks-gb-container is-style-default gb-block-container alignfull\"><div class=\"gb-container-inside\"><div class=\"gb-container-content\" style=\"max-width:1200px\">\n<h2 class=\"has-text-align-left has-text-color wp-block-heading\" style=\"color:#554948\"><strong><strong><strong>Nuestro mayor valor: las personas.&nbsp;<\/strong><\/strong><\/strong><\/h2>\n\n\n\n<div class=\"wp-block-columns is-layout-flex wp-container-core-columns-is-layout-9d6595d7 wp-block-columns-is-layout-flex\">\n<div class=\"wp-block-column is-layout-flow wp-block-column-is-layout-flow\" style=\"flex-basis:33.33%\">\n<hr class=\"wp-block-separator is-style-theme-separator\"\/>\n<\/div>\n\n\n\n<div class=\"wp-block-column is-layout-flow wp-block-column-is-layout-flow\" style=\"flex-basis:66.66%\">\n<p>Sistemas, plataformas en l\u00ednea, numeraci\u00f3n y cuantificaci\u00f3n de fen\u00f3menos que de otro modo ser\u00edan dif\u00edciles de entender, pero detr\u00e1s de todo esto, en QBerg, est\u00e1n las personas.<\/p>\n\n\n\n<p>Nuestro valor a\u00f1adido son las personas. Esta es la diferencia entre un instituto de investigaci\u00f3n de mercado y un simple proveedor de herramientas autom\u00e1ticas que no puede ofrecer un nivel de calidad y comparabilidad de productos y precios equiparable al de nuestros especialistas de productos.<\/p>\n\n\n\n<p>Por lo tanto, no se trata de sistemas autom\u00e1ticos, sino de personas. Siempre hemos tratado de hacer las cosas bien y de estar al lado de nuestros Clientes y Socios que a su vez nos dan testimonio de la importancia de estos valores fundamentales.<\/p>\n\n\n\n<p><\/p>\n\n\n\n<p><\/p>\n<\/div>\n<\/div>\n<\/div><\/div><\/div>\n\n\n\n<div class=\"wp-block-genesis-blocks-gb-columns gb-layout-columns-1 one-column gb-has-background-dim gb-has-background-dim-10 gb-background-cover gb-background-no-repeat gb-has-custom-background-color gb-has-custom-text-color gb-columns-center alignfull\" style=\"padding-top:10%;padding-right:8%;padding-bottom:10%;padding-left:8%;background-color:#171717;color:#ffffff;background-image:url(https:\/\/www.qberg.com\/wp-content\/themes\/navigation-pro\/config\/import\/images\/travel\/travel-background-4.jpg)\"><div class=\"gb-layout-column-wrap gb-block-layout-column-gap-2 gb-is-responsive-column\" style=\"max-width:1200px\">\n<div class=\"wp-block-genesis-blocks-gb-column gb-block-layout-column gb-is-vertically-aligned-top\"><div class=\"gb-block-layout-column-inner gb-has-custom-text-color\" style=\"color:#ffffff\">\n<h2 class=\"wp-block-heading\">QBerg en el mundo<\/h2>\n\n\n\n<hr class=\"wp-block-separator has-text-color has-background is-style-theme-separator\" style=\"background-color:#ffffff;color:#ffffff\"\/>\n\n\n\n<figure class=\"wp-block-image size-large\"><img decoding=\"async\" src=\"https:\/\/www.qberg.com\/wp-content\/uploads\/2020\/11\/Cartina-02@2x-1-1024x511.png\" alt=\"\" class=\"wp-image-404\"\/><\/figure>\n\n\n\n<p><\/p>\n<\/div><\/div>\n<\/div><\/div>\n\n\n\n<div style=\"padding-left:8%;padding-right:8%;padding-bottom:10%;padding-top:10%\" class=\"wp-block-genesis-blocks-gb-container is-style-default gb-block-container alignfull\"><div class=\"gb-container-inside\"><div class=\"gb-container-content\" style=\"max-width:1200px\">\n<h2 class=\"has-text-align-left has-text-color wp-block-heading\" style=\"color:#554948\"><strong><strong><strong>Los sectores donde trabajamos<\/strong><\/strong><\/strong><\/h2>\n\n\n\n<div class=\"wp-block-genesis-blocks-gb-columns gb-layout-columns-3 gb-3-col-equal\" style=\"margin-bottom:20px\"><div class=\"gb-layout-column-wrap gb-block-layout-column-gap-2 gb-is-responsive-column\">\n<div class=\"wp-block-genesis-blocks-gb-column gb-block-layout-column\"><div class=\"gb-block-layout-column-inner gb-has-custom-background-color\" style=\"padding:15px;background-color:#fefefe\">\n<div class=\"wp-block-genesis-blocks-gb-container gb-block-container\"><div class=\"gb-container-inside\"><div class=\"gb-container-content\">\n<p class=\"has-text-align-center nomargin has-background\" style=\"background-color:#3e4243\"><span style=\"color:#ffffff\" class=\"has-inline-color\">Bienes duraderos<\/span><\/p>\n<\/div><\/div><\/div>\n<\/div><\/div>\n\n\n\n<div class=\"wp-block-genesis-blocks-gb-column gb-block-layout-column\"><div class=\"gb-block-layout-column-inner gb-has-custom-background-color\" style=\"padding:15px;background-color:#ffffff\">\n<p class=\"has-text-align-center nomargin has-background\" style=\"background-color:#3e4243\"><span style=\"color:#ffffff\" class=\"has-inline-color\">Productos de Gran Consumo<\/span><\/p>\n<\/div><\/div>\n\n\n\n<div class=\"wp-block-genesis-blocks-gb-column gb-block-layout-column\"><div class=\"gb-block-layout-column-inner gb-has-custom-background-color has-theme-secondary-color\" style=\"padding:15px;background-color:#ffffff\">\n<p class=\"has-text-align-center nomargin has-background\" style=\"background-color:#3e4243\"><span style=\"color:#ffffff\" class=\"has-inline-color\">Pharma<\/span><\/p>\n<\/div><\/div>\n<\/div><\/div>\n\n\n\n<div class=\"wp-block-genesis-blocks-gb-columns gb-layout-columns-3 gb-3-col-equal\" style=\"margin-bottom:20px\"><div class=\"gb-layout-column-wrap gb-block-layout-column-gap-2 gb-is-responsive-column\">\n<div class=\"wp-block-genesis-blocks-gb-column gb-block-layout-column\"><div class=\"gb-block-layout-column-inner gb-has-custom-background-color\" style=\"padding:15px;background-color:#fefefe\">\n<div class=\"wp-block-genesis-blocks-gb-container gb-block-container\"><div class=\"gb-container-inside\"><div class=\"gb-container-content\">\n<p class=\"has-text-align-center nomargin has-background\" style=\"background-color:#3e4243\"><span style=\"color:#ffffff\" class=\"has-inline-color\">Mascotas<\/span><\/p>\n<\/div><\/div><\/div>\n<\/div><\/div>\n\n\n\n<div class=\"wp-block-genesis-blocks-gb-column gb-block-layout-column\"><div class=\"gb-block-layout-column-inner gb-has-custom-background-color\" style=\"padding:15px;background-color:#ffffff\">\n<p class=\"has-text-align-center nomargin has-background\" style=\"background-color:#3e4243\"><span style=\"color:#ffffff\" class=\"has-inline-color\">Beb\u00e9<\/span><\/p>\n<\/div><\/div>\n\n\n\n<div class=\"wp-block-genesis-blocks-gb-column gb-block-layout-column\"><div class=\"gb-block-layout-column-inner gb-has-custom-background-color has-theme-secondary-color\" style=\"padding:15px;background-color:#ffffff\">\n<p class=\"has-text-align-center nomargin has-background\" style=\"background-color:#3e4243\"><span style=\"color:#ffffff\" class=\"has-inline-color\">Bazaar<\/span><\/p>\n<\/div><\/div>\n<\/div><\/div>\n\n\n\n<div class=\"wp-block-genesis-blocks-gb-columns gb-layout-columns-3 gb-3-col-equal\"><div class=\"gb-layout-column-wrap gb-block-layout-column-gap-2 gb-is-responsive-column\">\n<div class=\"wp-block-genesis-blocks-gb-column gb-block-layout-column\"><div class=\"gb-block-layout-column-inner gb-has-custom-background-color\" style=\"padding:15px;background-color:#fefefe\">\n<div class=\"wp-block-genesis-blocks-gb-container gb-block-container\"><div class=\"gb-container-inside\"><div class=\"gb-container-content\">\n<p class=\"has-text-align-center nomargin has-background\" style=\"background-color:#3e4243\"><span style=\"color:#ffffff\" class=\"has-inline-color\">Bricolaje<\/span><\/p>\n<\/div><\/div><\/div>\n<\/div><\/div>\n\n\n\n<div class=\"wp-block-genesis-blocks-gb-column gb-block-layout-column\"><div class=\"gb-block-layout-column-inner\" style=\"padding:25px\">\n<p><\/p>\n<\/div><\/div>\n\n\n\n<div class=\"wp-block-genesis-blocks-gb-column gb-block-layout-column\"><div class=\"gb-block-layout-column-inner\" style=\"padding:25px\">\n<p><\/p>\n<\/div><\/div>\n<\/div><\/div>\n<\/div><\/div><\/div>\n","protected":false},"excerpt":{"rendered":"","protected":false},"author":4,"featured_media":0,"parent":0,"menu_order":0,"comment_status":"closed","ping_status":"closed","template":"templates\/blocks.php","meta":{"_genesis_hide_title":true,"_genesis_hide_breadcrumbs":true,"_genesis_hide_singular_image":true,"_genesis_hide_footer_widgets":false,"_genesis_custom_body_class":"","_genesis_custom_post_class":"","_genesis_layout":"full-width-content","footnotes":""},"class_list":{"0":"post-1751","1":"page","2":"type-page","3":"status-publish","5":"entry"},"featured_image_src":null,"featured_image_src_square":null,"_links":{"self":[{"href":"https:\/\/www.qberg.com\/es\/wp-json\/wp\/v2\/pages\/1751","targetHints":{"allow":["GET"]}}],"collection":[{"href":"https:\/\/www.qberg.com\/es\/wp-json\/wp\/v2\/pages"}],"about":[{"href":"https:\/\/www.qberg.com\/es\/wp-json\/wp\/v2\/types\/page"}],"author":[{"embeddable":true,"href":"https:\/\/www.qberg.com\/es\/wp-json\/wp\/v2\/users\/4"}],"replies":[{"embeddable":true,"href":"https:\/\/www.qberg.com\/es\/wp-json\/wp\/v2\/comments?post=1751"}],"version-history":[{"count":0,"href":"https:\/\/www.qberg.com\/es\/wp-json\/wp\/v2\/pages\/1751\/revisions"}],"wp:attachment":[{"href":"https:\/\/www.qberg.com\/es\/wp-json\/wp\/v2\/media?parent=1751"}],"curies":[{"name":"wp","href":"https:\/\/api.w.org\/{rel}","templated":true}]}}