{"id":1780,"date":"2020-10-14T17:03:23","date_gmt":"2020-10-14T15:03:23","guid":{"rendered":"http:\/\/qbergsrl.wpengine.com\/supporto-punto-vendita\/"},"modified":"2021-05-10T12:31:22","modified_gmt":"2021-05-10T10:31:22","slug":"servicios-campo-punto-venta","status":"publish","type":"page","link":"https:\/\/www.qberg.com\/es\/servicios\/servicios-campo-punto-venta\/","title":{"rendered":"QPlace"},"content":{"rendered":"\n<div class=\"wp-block-genesis-blocks-gb-columns gb-layout-columns-1 one-column gb-background-cover gb-background-no-repeat has-theme-secondary-background-color gb-columns-center alignfull\" style=\"padding-top:4%;padding-right:8%;padding-bottom:4%;padding-left:8%;background-image:url(https:\/\/www.qberg.com\/wp-content\/uploads\/2020\/11\/skyline-600001_1920.jpg);background-position:50% 40%\"><div class=\"gb-layout-column-wrap gb-block-layout-column-gap-0 gb-is-responsive-column\" style=\"max-width:1200px\">\n<div class=\"wp-block-genesis-blocks-gb-column gb-block-layout-column\"><div class=\"gb-block-layout-column-inner\">\n<h1 class=\"has-text-align-left is-style-xl-text has-text-color wp-block-heading\" style=\"color:#ffffff\">QPlace<\/h1>\n\n\n\n<p><\/p>\n<\/div><\/div>\n<\/div><\/div>\n\n\n\n<div style=\"height:25px\" aria-hidden=\"true\" class=\"wp-block-spacer\"><\/div>\n\n\n\n<div class=\"wp-block-genesis-blocks-gb-columns gb-layout-columns-2 gb-2-col-wideright\"><div class=\"gb-layout-column-wrap gb-block-layout-column-gap-2 gb-is-responsive-column\">\n<div class=\"wp-block-genesis-blocks-gb-column gb-block-layout-column\"><div class=\"gb-block-layout-column-inner\">\n<p><\/p>\n<\/div><\/div>\n\n\n\n<div class=\"wp-block-genesis-blocks-gb-column is-style-offset-up gb-block-layout-column\"><div class=\"gb-block-layout-column-inner gb-has-custom-background-color\" style=\"padding:20px;background-color:#faf7f4\">\n<p class=\"has-text-align-right has-text-color has-background\" style=\"background-color:#866185;color:#fcfcfc\"><strong><strong>Servicios personalizados en el punto de venta<\/strong><\/strong><\/p>\n<\/div><\/div>\n<\/div><\/div>\n\n\n\n<h2 class=\"wp-block-heading\"><strong><strong>QPlace: servicios de campo<\/strong><\/strong><\/h2>\n\n\n\n<p>QPlace es la divisi\u00f3n dedicada a los servicios de apoyo en el punto de venta. Contamos con m\u00e1s de cien especialistas en Italia y podemos responder r\u00e1pidamente y con costes competitivos a una amplia gama de necesidades: desde la monitorizaci\u00f3n ad hoc al merchandising, desde el apoyo de un promotor en tienda a la atenci\u00f3n a las estanter\u00edas, desde entrevistas al cliente misterioso.<\/p>\n\n\n\n<p>Todo esto para proyectos que adaptamos a las necesidades del cliente, ya sean puntuales, a corto, medio o largo plazo.<\/p>\n\n\n\n<div class=\"wp-block-columns is-layout-flex wp-container-core-columns-is-layout-9d6595d7 wp-block-columns-is-layout-flex\">\n<div class=\"wp-block-column is-layout-flow wp-block-column-is-layout-flow\" style=\"flex-basis:33.33%\">\n<hr class=\"wp-block-separator is-style-theme-separator\"\/>\n<\/div>\n\n\n\n<div class=\"wp-block-column is-layout-flow wp-block-column-is-layout-flow\" style=\"flex-basis:66.66%\">\n<ul class=\"wp-block-list\"><li>Promotor<\/li><li>Merchandiser<\/li><li>Cliente misterioso<\/li><li>An\u00e1lisis etnogr\u00e1ficos y encuestas<\/li><\/ul>\n<\/div>\n<\/div>\n\n\n\n<p>Adaptamos los servicios a tus necesidades: las personas, la cobertura y el tiempo de implementaci\u00f3n. Gracias al m\u00f3dulo AD HOC de QPoint podr\u00e1s seguir las operaciones y monitorizar los KPI personalizados que planificamos juntos.<\/p>\n\n\n\n<div style=\"text-align:center\" class=\"wp-block-genesis-blocks-gb-button gb-block-button\"><a href=\"https:\/\/www.qberg.com\/es\/contactenos\/\" class=\"gb-button gb-button-shape-square gb-button-size-medium\" style=\"color:#ffffff;background-color:#8d1d80\">Prueba ahora QPlace<\/a><\/div>\n","protected":false},"excerpt":{"rendered":"<p>QPlace: servicios de campo QPlace es la divisi\u00f3n dedicada a los servicios de apoyo en el punto de venta. Contamos con m\u00e1s de cien especialistas en Italia y podemos responder r\u00e1pidamente y con costes competitivos a una amplia gama de necesidades: desde la monitorizaci\u00f3n ad hoc al merchandising, desde el apoyo de un promotor en [&hellip;]<\/p>\n","protected":false},"author":4,"featured_media":1776,"parent":1801,"menu_order":0,"comment_status":"closed","ping_status":"closed","template":"templates\/blocks.php","meta":{"_genesis_hide_title":true,"_genesis_hide_breadcrumbs":false,"_genesis_hide_singular_image":true,"_genesis_hide_footer_widgets":false,"_genesis_custom_body_class":"","_genesis_custom_post_class":"","_genesis_layout":"","footnotes":""},"class_list":{"0":"post-1780","1":"page","2":"type-page","3":"status-publish","4":"has-post-thumbnail","6":"entry"},"featured_image_src":null,"featured_image_src_square":null,"_links":{"self":[{"href":"https:\/\/www.qberg.com\/es\/wp-json\/wp\/v2\/pages\/1780","targetHints":{"allow":["GET"]}}],"collection":[{"href":"https:\/\/www.qberg.com\/es\/wp-json\/wp\/v2\/pages"}],"about":[{"href":"https:\/\/www.qberg.com\/es\/wp-json\/wp\/v2\/types\/page"}],"author":[{"embeddable":true,"href":"https:\/\/www.qberg.com\/es\/wp-json\/wp\/v2\/users\/4"}],"replies":[{"embeddable":true,"href":"https:\/\/www.qberg.com\/es\/wp-json\/wp\/v2\/comments?post=1780"}],"version-history":[{"count":0,"href":"https:\/\/www.qberg.com\/es\/wp-json\/wp\/v2\/pages\/1780\/revisions"}],"up":[{"embeddable":true,"href":"https:\/\/www.qberg.com\/es\/wp-json\/wp\/v2\/pages\/1801"}],"wp:featuredmedia":[{"embeddable":true,"href":"https:\/\/www.qberg.com\/es\/wp-json\/wp\/v2\/media\/1776"}],"wp:attachment":[{"href":"https:\/\/www.qberg.com\/es\/wp-json\/wp\/v2\/media?parent=1780"}],"curies":[{"name":"wp","href":"https:\/\/api.w.org\/{rel}","templated":true}]}}