{"id":1785,"date":"2020-10-14T17:01:13","date_gmt":"2020-10-14T15:01:13","guid":{"rendered":"http:\/\/qbergsrl.wpengine.com\/monitoraggio-volantini\/"},"modified":"2021-08-27T18:51:01","modified_gmt":"2021-08-27T16:51:01","slug":"seguimiento-folletos","status":"publish","type":"page","link":"https:\/\/www.qberg.com\/es\/soluciones\/seguimiento-folletos\/","title":{"rendered":"QPoint Flyer"},"content":{"rendered":"\n<div class=\"wp-block-genesis-blocks-gb-columns gb-layout-columns-1 one-column gb-background-cover gb-background-no-repeat has-theme-secondary-background-color gb-columns-center alignfull\" style=\"padding-top:4%;padding-right:8%;padding-bottom:4%;padding-left:8%;background-image:url(https:\/\/www.qberg.com\/wp-content\/uploads\/2020\/11\/architecture-2083687_1920.jpg);background-position:73% 28.000000000000004%\"><div class=\"gb-layout-column-wrap gb-block-layout-column-gap-0 gb-is-responsive-column\" style=\"max-width:1200px\">\n<div class=\"wp-block-genesis-blocks-gb-column gb-block-layout-column\"><div class=\"gb-block-layout-column-inner\">\n<h1 class=\"has-text-align-left is-style-xl-text has-text-color wp-block-heading\" style=\"color:#ffffff\">&nbsp;QPoint FLYER<\/h1>\n\n\n\n<p><\/p>\n<\/div><\/div>\n<\/div><\/div>\n\n\n\n<div style=\"height:70px\" aria-hidden=\"true\" class=\"wp-block-spacer\"><\/div>\n\n\n\n<h2 class=\"has-text-color wp-block-heading\" style=\"color:#554948\"><strong>Seguimiento folletos de la Gran Distribuci\u00f3n <\/strong><\/h2>\n\n\n\n<p>\u00bfQuieres conocer en tiempo real las ofertas que aparecen en los folletos de supermercados, tiendas de electr\u00f3nica y farmacias? Con el servicio QPoint FLYER puedes monitorizar las actividades promocionales de la gran distribuci\u00f3n organizada y especializada.<\/p>\n\n\n\n<p>QPoint FLYER es la herramienta ideal para conocer en tiempo real las actividades promocionales de los folletos de la gran distribuci\u00f3n y del comercio especializado en todas las categor\u00edas de bienes de consumo duradero y consumo inmediato. El acceso al m\u00f3dulo FLYER de QPoint te permite estar al corriente en todo momento de los productos en promoci\u00f3n, de sus precios y de las acciones espec\u00edficas como las ventas por debajo del coste, la financiaci\u00f3n, los descuentos y las ofertas de la distribuci\u00f3n al consumidor.<\/p>\n\n\n\n<div class=\"wp-block-columns is-layout-flex wp-container-core-columns-is-layout-9d6595d7 wp-block-columns-is-layout-flex\">\n<div class=\"wp-block-column is-layout-flow wp-block-column-is-layout-flow\" style=\"flex-basis:33.33%\">\n<hr class=\"wp-block-separator is-style-theme-separator\"\/>\n<\/div>\n\n\n\n<div class=\"wp-block-column is-layout-flow wp-block-column-is-layout-flow\" style=\"flex-basis:66.66%\">\n<p>Algunas funcionaldades de QPoint FLYER:<\/p>\n\n\n\n<ul class=\"wp-block-list\"><li>exploraci\u00f3n r\u00e1pida de los folletos promocionales<\/li><li>documentos de identidad con insights autom\u00e1ticos<\/li><li>investigaci\u00f3n multidimensional<\/li><li>un potente motor de alertas<\/li><li>un motor anal\u00edtico<\/li><\/ul>\n<\/div>\n<\/div>\n\n\n\n<h2 class=\"has-text-color wp-block-heading\" style=\"color:#554948\"><strong><strong><strong>Para fabricantes<\/strong><\/strong><\/strong><\/h2>\n\n\n\n<p>Con QPoint FLYER se puede hacer un seguimiento constante y en tiempo real de las promociones en los folletos de tu mercado de referencia.<\/p>\n\n\n\n<p>Nunca ha sido tan f\u00e1cil controlar tus precios y los de la competencia, adem\u00e1s de fen\u00f3menos como el cumplimiento de los acuerdos con la distribuci\u00f3n, la coexistencia de tus marcas con las de la competencia, el posicionamiento de los segmentos de ofertas y mucho m\u00e1s.<\/p>\n\n\n\n<h2 class=\"has-text-color wp-block-heading\" style=\"color:#554948\"><strong><strong><strong>Para retailers<\/strong><\/strong><\/strong><\/h2>\n\n\n\n<p>QPoint FLYER permite realizar operaciones esenciales como la planificaci\u00f3n de los folletos, el an\u00e1lisis de la competitividad de un folleto espec\u00edfico, el estudio de la combinaci\u00f3n de productos, las acciones de marketing y las decisiones editoriales de la competencia, la visualizaci\u00f3n del plan promocional a largo plazo y el an\u00e1lisis de \u00e1rea competitiva de proximidad centrado en tus puntos de venta.<\/p>\n\n\n\n<p>Todo esto de forma sencilla e inmediata, al m\u00e1s puro estilo QPoint.<\/p>\n\n\n\n<div style=\"text-align:center\" class=\"wp-block-genesis-blocks-gb-button gb-block-button\"><a href=\"https:\/\/www.qberg.com\/es\/contactenos\/\" class=\"gb-button gb-button-shape-square gb-button-size-medium\" style=\"color:#ffffff;background-color:#8d1d80\">Prueba ahora QPoint FLYER<\/a><\/div>\n\n\n\n<h2 class=\"wp-block-heading\">P&amp;R<\/h2>\n\n\n\n<h3 class=\"wp-block-heading\">P.: \u00bfEl monitoreo de folletos es continuativo?<\/h3>\n\n\n\n<p>R.: Si: el monitoreo es continuativo y en tiempo \u00abcasi\u00bb real. El sistema viene actualizado apenas viene activada una promoci\u00f3n en nuestro backoffice.<\/p>\n\n\n\n<h3 class=\"wp-block-heading\">P.: \u00bfPuedo calcular la cuota de visibilidad en folleto de una marca?<\/h3>\n\n\n\n<p>R.: Si, y no solo de una Marca: de una Ense\u00f1a, de una Subcategor\u00eda, de un producto, etc. En suma de uno cualquiera de los elementos disponibles en QPoint. La Cuota QP3 y QP4 son indicadores que pesan en modo objetivo la presencia en promoci\u00f3n del elemento objeto del an\u00e1lisis. Por esto se han transformado en un tipo de est\u00e1ndard para distintos mercados en los que operamos.<\/p>\n\n\n\n<h3 class=\"wp-block-heading\">P.: En mi empresa hay personas que hacen an\u00e1lisis y b\u00fasquedas, ma tambi\u00e9n agentes de venta que quieren solo ojear un folleto o recibir alarmas autom\u00e1ticas. Tengo que usar dos plataforma distintas?<\/h3>\n\n\n\n<p>R.: No: QPoint Flyer puede satisfacer todas las exigencias, desde aquellas mas estrat\u00e9gicas a las m\u00e1s t\u00e1cticas, incluso para quien es en el territorio. La plataforma prevee en modo simple de configurar perfiles con funcionalidad distinta. Una sola plataforma para m\u00faltiples usos.<\/p>\n\n\n\n<h3 class=\"wp-block-heading\">P.: \u00bfPuedo tambi\u00e9n ver las im\u00e1genes de los folletos?<\/h3>\n\n\n\n<p>R.: Obviamente si: todos los reportes y los detalles de las observaciones de precio contienen un puntador a la imagen de la p\u00e1gina que contiene el producto en excamen.<\/p>\n","protected":false},"excerpt":{"rendered":"<p>Seguimiento folletos de la Gran Distribuci\u00f3n \u00bfQuieres conocer en tiempo real las ofertas que aparecen en los folletos de supermercados, tiendas de electr\u00f3nica y farmacias? Con el servicio QPoint FLYER puedes monitorizar las actividades promocionales de la gran distribuci\u00f3n organizada y especializada. QPoint FLYER es la herramienta ideal para conocer en tiempo real las actividades [&hellip;]<\/p>\n","protected":false},"author":4,"featured_media":1786,"parent":1806,"menu_order":0,"comment_status":"closed","ping_status":"closed","template":"templates\/blocks.php","meta":{"_genesis_hide_title":true,"_genesis_hide_breadcrumbs":false,"_genesis_hide_singular_image":true,"_genesis_hide_footer_widgets":false,"_genesis_custom_body_class":"","_genesis_custom_post_class":"","_genesis_layout":"","footnotes":""},"class_list":{"0":"post-1785","1":"page","2":"type-page","3":"status-publish","4":"has-post-thumbnail","6":"entry"},"featured_image_src":null,"featured_image_src_square":null,"_links":{"self":[{"href":"https:\/\/www.qberg.com\/es\/wp-json\/wp\/v2\/pages\/1785","targetHints":{"allow":["GET"]}}],"collection":[{"href":"https:\/\/www.qberg.com\/es\/wp-json\/wp\/v2\/pages"}],"about":[{"href":"https:\/\/www.qberg.com\/es\/wp-json\/wp\/v2\/types\/page"}],"author":[{"embeddable":true,"href":"https:\/\/www.qberg.com\/es\/wp-json\/wp\/v2\/users\/4"}],"replies":[{"embeddable":true,"href":"https:\/\/www.qberg.com\/es\/wp-json\/wp\/v2\/comments?post=1785"}],"version-history":[{"count":0,"href":"https:\/\/www.qberg.com\/es\/wp-json\/wp\/v2\/pages\/1785\/revisions"}],"up":[{"embeddable":true,"href":"https:\/\/www.qberg.com\/es\/wp-json\/wp\/v2\/pages\/1806"}],"wp:featuredmedia":[{"embeddable":true,"href":"https:\/\/www.qberg.com\/es\/wp-json\/wp\/v2\/media\/1786"}],"wp:attachment":[{"href":"https:\/\/www.qberg.com\/es\/wp-json\/wp\/v2\/media?parent=1785"}],"curies":[{"name":"wp","href":"https:\/\/api.w.org\/{rel}","templated":true}]}}