{"id":1789,"date":"2020-10-14T16:58:21","date_gmt":"2020-10-14T14:58:21","guid":{"rendered":"http:\/\/qbergsrl.wpengine.com\/monitoraggio-punti-vendita\/"},"modified":"2021-11-11T14:05:26","modified_gmt":"2021-11-11T13:05:26","slug":"seguimiento-surtidos-tienda","status":"publish","type":"page","link":"https:\/\/www.qberg.com\/es\/soluciones\/seguimiento-surtidos-tienda\/","title":{"rendered":"QPoint Store"},"content":{"rendered":"\n<div class=\"wp-block-genesis-blocks-gb-columns gb-layout-columns-1 one-column gb-background-cover gb-background-no-repeat has-theme-secondary-background-color gb-columns-center alignfull\" style=\"padding-top:4%;padding-right:8%;padding-bottom:4%;padding-left:8%;background-image:url(https:\/\/www.qberg.com\/wp-content\/uploads\/2020\/11\/architecture-2083687_1920.jpg);background-position:73% 28.000000000000004%\"><div class=\"gb-layout-column-wrap gb-block-layout-column-gap-0 gb-is-responsive-column\" style=\"max-width:1200px\">\n<div class=\"wp-block-genesis-blocks-gb-column gb-block-layout-column\"><div class=\"gb-block-layout-column-inner\">\n<h1 class=\"has-text-align-left is-style-xl-text has-text-color wp-block-heading\" style=\"color:#ffffff\">&nbsp;QPoint STORE<\/h1>\n\n\n\n<p><\/p>\n<\/div><\/div>\n<\/div><\/div>\n\n\n\n<div style=\"height:70px\" aria-hidden=\"true\" class=\"wp-block-spacer\"><\/div>\n\n\n\n<h2 class=\"has-text-color wp-block-heading\" style=\"color:#554948\"><strong>Seguimiento en tiempo real de la presencia de productos en las tiendas<\/strong><\/h2>\n\n\n\n<div class=\"wp-block-columns is-layout-flex wp-container-core-columns-is-layout-9d6595d7 wp-block-columns-is-layout-flex\">\n<div class=\"wp-block-column is-layout-flow wp-block-column-is-layout-flow\" style=\"flex-basis:33.33%\">\n<hr class=\"wp-block-separator is-style-theme-separator\"\/>\n<\/div>\n\n\n\n<div class=\"wp-block-column is-layout-flow wp-block-column-is-layout-flow\" style=\"flex-basis:66.66%\">\n<p>Controla la visibilidad de los productos en las estanter\u00edas de los puntos de venta. QPoint STORE te muestra en tiempo real los precios y los surtidos de productos presentes en las estanter\u00edas de las tiendas f\u00edsicas. QPoint STORE proporciona una visi\u00f3n general de la presencia en tienda de categor\u00edas de productos, que se traduce en una amplia monitorizaci\u00f3n de los atributos cualitativos y cuantitativos. El acceso al m\u00f3dulo STORE de QPoint ofrece al usuario la posibilidad de beneficiarse de la recogida de datos en tienda realizada con visitas a un panel multicliente de tiendas pertenecientes a las principales cadenas de distribuci\u00f3n.<\/p>\n<\/div>\n<\/div>\n\n\n\n<p>La informaci\u00f3n recogida durante esas visitas est\u00e1 disponible en tiempo real durante el per\u00edodo de registro, mientras que los datos anal\u00edticos, seg\u00fan lo establecido en el panel del mes en curso, aparecer\u00e1n en l\u00ednea al final de ese mismo per\u00edodo. Para la industria y la distribuci\u00f3n es vital poder controlar el surtido: un control total, que vaya m\u00e1s all\u00e1 del simple precio-presencia y que proporcione informaci\u00f3n estrat\u00e9gica del posicionamiento, de la combinaci\u00f3n de productos en las estanter\u00edas, de los atributos de marca y la falta de existencias.<\/p>\n\n\n\n<h2 class=\"has-text-color wp-block-heading\" style=\"color:#554948\"><strong><strong>Para fabricantes<\/strong><\/strong><\/h2>\n\n\n\n<p>Con QPoint STORE podr\u00e1s monitorizar las estanter\u00edas como si estuvieras en el punto de venta. El seguimiento de cada producto, de la disposici\u00f3n en las estanter\u00edas y de los atributos de exposici\u00f3n se hace en todas las estanter\u00edas. Gracias a esta caracter\u00edstica de QPoint STORE podr\u00e1s realizar las siguientes operaciones de forma inmediata:<\/p>\n\n\n\n<ul class=\"wp-block-list\"><li>la evaluaci\u00f3n de la cuota de exposici\u00f3n<\/li><li>el precio medio de los productos<\/li><li>el valor de la estanter\u00eda<\/li><li>la calidad de la exposici\u00f3n de los productos expuestos con atributos de marca<\/li><li>la desviaci\u00f3n respecto a los surtidos acordados.<\/li><\/ul>\n\n\n\n<h2 class=\"has-text-color wp-block-heading\" style=\"color:#554948\"><strong><strong>Para retailers<\/strong><\/strong><\/h2>\n\n\n\n<p>QPoint STORE permite evaluar de forma sencilla e intuitiva:<\/p>\n\n\n\n<ul class=\"wp-block-list\"><li>la combinaci\u00f3n de productos en las estanter\u00edas<\/li><li>el \u00edndice de competitividad general y por \u00e1rea competitiva de proximidad<\/li><li>el an\u00e1lisis gap de una determinada categor\u00eda de producto<\/li><li>el posicionamiento de precio de los productos<\/li><li>la elecci\u00f3n de surtido de la competencia.<\/li><\/ul>\n\n\n\n<h2 class=\"has-text-color wp-block-heading\" style=\"color:#554948\"><strong><strong><strong>Posibilidad de ampliar el panel con QStore<\/strong><\/strong><\/strong><\/h2>\n\n\n\n<p>QPoint STORE ofrece la posibilidad de ampliar el panel multicliente o de crear uno completamente nuevo con una gama de productos sin monitorizar usando tus vendedores.<\/p>\n\n\n\n<p>Gracias a QStore, la aplicaci\u00f3n para Android de QBerg que aplica el concepto de crowdsourcing,podemos recopilar datos en las tiendas simplemente con un smartphone. Los datos obtenidos, igual que ocurre con aquellos recogidos por nuestros encargados, se cargar\u00e1n autom\u00e1ticamente en nuestros servidores y estar\u00e1n a disposici\u00f3n del cliente en un dominio reservado.<\/p>\n\n\n\n<p>Por lo tanto, QStore te permitir\u00e1 implementar tu red de monitorizaci\u00f3n de forma totalmente personalizada: el cliente es quien decide los puntos de venta, las categor\u00edas de productos y la frecuencia.<\/p>\n\n\n\n<div style=\"text-align:center\" class=\"wp-block-genesis-blocks-gb-button gb-block-button\"><a href=\"https:\/\/www.qberg.com\/es\/contactenos\/\" class=\"gb-button gb-button-shape-square gb-button-size-medium\" style=\"color:#ffffff;background-color:#8d1d80\">Prueba ahora QPoint STORE<\/a><\/div>\n\n\n\n<h2 class=\"wp-block-heading\">P&amp;R<\/h2>\n\n\n\n<h3 class=\"wp-block-heading\">P.: \u00bfPuedo visualizar, buscar y analizar solo presencia y precio de los productos, o tambi\u00e9n los atributos de exposici\u00f3n?<\/h3>\n\n\n\n<p>R.: QPoint STORE permite de monitoriear tambi\u00e9n los atributos expositivos. Posici\u00f3n y tipolog\u00eda de exposici\u00f3n, atributos de marca, presencia de material POP son elementos que pueden ser utilizados en b\u00fasquedas y an\u00e1lisis.<\/p>\n\n\n\n<h3 class=\"wp-block-heading\">P.: \u00bfPuedo monitorear tambi\u00e9n el Out-of-stock?<\/h3>\n\n\n\n<p>R.: SI: El Out-of-Stock(OOS) es uno de los atributos que vienen capturados de nuestros relevadores. Cuando en un estante est\u00e1 presente el cartel del precio, pero falta el producto, nuestros relevadores lo etiquetan como OOS.<\/p>\n\n\n\n<h3 class=\"wp-block-heading\">P.: \u00bfSi en un determinado punto de venta est\u00e1 activo un folleto, puedo verlo?<\/h3>\n\n\n\n<p>R.: Obviameente si: en la Carta de Identidad de una visita est\u00e1n disponibles tambi\u00e9n todos los folletos en validez, para ese punto de venta, el d\u00eda de la visita. Una oportuna an\u00e1lisis pone en evidencia eventuales desviaciones (precios diferentes o productos faltantes) entree lo que est\u00e1 promocionado en folleto y lo que realmente est\u00e1 disponible en el estante.<\/p>\n\n\n\n<h3 class=\"wp-block-heading\">P.: \u00bfDurante el per\u00edodo de relevaci\u00f3n es posible seguir en tiempo real las operaciones?<\/h3>\n\n\n\n<p>R.: Si: tramite la \u00abnavegaci\u00f3n\u00bb de las \u00faltimas visitas y tramite las b\u00fasquedas, es posible seguir el monitoreo de un negocio ya al d\u00eda siguiente de la relevaci\u00f3n.<\/p>\n\n\n\n<h3 class=\"wp-block-heading\">P.: \u00bfTengo ya un grupo de personas que hace las relevaciones. Puedo ingresar estos datos en Qpoint STORE?<\/h3>\n\n\n\n<p>R.: Si, es posible. Gracias a nuestra app Android denomnidad QStore es posible que un \u00abfield\u00bb externo alimente QPoint con los datos de relevaciones de un panel ad-hoc. Los datos vienen cargados en un dominio ad-hoc del cliente, visibles y utilizables en QPoint STORE como un normal dominio.<\/p>\n","protected":false},"excerpt":{"rendered":"<p>Seguimiento en tiempo real de la presencia de productos en las tiendas Controla la visibilidad de los productos en las estanter\u00edas de los puntos de venta. QPoint STORE te muestra en tiempo real los precios y los surtidos de productos presentes en las estanter\u00edas de las tiendas f\u00edsicas. QPoint STORE proporciona una visi\u00f3n general de [&hellip;]<\/p>\n","protected":false},"author":4,"featured_media":0,"parent":1806,"menu_order":0,"comment_status":"closed","ping_status":"closed","template":"templates\/blocks.php","meta":{"_genesis_hide_title":true,"_genesis_hide_breadcrumbs":false,"_genesis_hide_singular_image":true,"_genesis_hide_footer_widgets":false,"_genesis_custom_body_class":"","_genesis_custom_post_class":"","_genesis_layout":"","footnotes":""},"class_list":{"0":"post-1789","1":"page","2":"type-page","3":"status-publish","5":"entry"},"featured_image_src":null,"featured_image_src_square":null,"_links":{"self":[{"href":"https:\/\/www.qberg.com\/es\/wp-json\/wp\/v2\/pages\/1789","targetHints":{"allow":["GET"]}}],"collection":[{"href":"https:\/\/www.qberg.com\/es\/wp-json\/wp\/v2\/pages"}],"about":[{"href":"https:\/\/www.qberg.com\/es\/wp-json\/wp\/v2\/types\/page"}],"author":[{"embeddable":true,"href":"https:\/\/www.qberg.com\/es\/wp-json\/wp\/v2\/users\/4"}],"replies":[{"embeddable":true,"href":"https:\/\/www.qberg.com\/es\/wp-json\/wp\/v2\/comments?post=1789"}],"version-history":[{"count":0,"href":"https:\/\/www.qberg.com\/es\/wp-json\/wp\/v2\/pages\/1789\/revisions"}],"up":[{"embeddable":true,"href":"https:\/\/www.qberg.com\/es\/wp-json\/wp\/v2\/pages\/1806"}],"wp:attachment":[{"href":"https:\/\/www.qberg.com\/es\/wp-json\/wp\/v2\/media?parent=1789"}],"curies":[{"name":"wp","href":"https:\/\/api.w.org\/{rel}","templated":true}]}}