{"id":1806,"date":"2020-09-29T11:23:04","date_gmt":"2020-09-29T09:23:04","guid":{"rendered":"http:\/\/qbergsrl.wpengine.com\/soluzioni\/"},"modified":"2021-04-21T14:56:05","modified_gmt":"2021-04-21T12:56:05","slug":"soluciones","status":"publish","type":"page","link":"https:\/\/www.qberg.com\/es\/soluciones\/","title":{"rendered":"Soluciones"},"content":{"rendered":"\n<div class=\"wp-block-genesis-blocks-gb-columns gb-layout-columns-1 one-column gb-background-cover gb-background-no-repeat has-theme-secondary-background-color gb-columns-center alignfull\" style=\"padding-top:4%;padding-right:8%;padding-bottom:4%;padding-left:8%;background-image:url(https:\/\/www.qberg.com\/wp-content\/uploads\/2020\/11\/architecture-2083687_1920.jpg);background-position:73% 28.000000000000004%\"><div class=\"gb-layout-column-wrap gb-block-layout-column-gap-0 gb-is-responsive-column\" style=\"max-width:1200px\">\n<div class=\"wp-block-genesis-blocks-gb-column gb-block-layout-column\"><div class=\"gb-block-layout-column-inner\">\n<h1 class=\"has-text-align-left is-style-xl-text has-text-color wp-block-heading\" style=\"color:#ffffff\">&nbsp;Soluciones<\/h1>\n\n\n\n<p><\/p>\n<\/div><\/div>\n<\/div><\/div>\n\n\n\n<div class=\"wp-block-genesis-blocks-gb-columns gb-layout-columns-2 gb-2-col-wideright\"><div class=\"gb-layout-column-wrap gb-block-layout-column-gap-2 gb-is-responsive-column\">\n<div class=\"wp-block-genesis-blocks-gb-column gb-block-layout-column\"><div class=\"gb-block-layout-column-inner\">\n<p><\/p>\n<\/div><\/div>\n\n\n\n<div class=\"wp-block-genesis-blocks-gb-column is-style-offset-up gb-block-layout-column\"><div class=\"gb-block-layout-column-inner gb-has-custom-background-color\" style=\"padding:20px;background-color:#faf7f4\">\n<p class=\"has-text-align-right has-text-color has-background\" style=\"background-color:#866185;color:#fcfcfc\"><strong>QPoint es la plataforma online multicanal que permite estar informado sobre precios y surtidos de forma sencilla, intuitiva y r\u00e1pida.<\/strong><\/p>\n<\/div><\/div>\n<\/div><\/div>\n\n\n\n<p class=\"has-text-align-left\">Con QPoint, nuestra plataforma multicanal, es posible obtener informaci\u00f3n sobre precios y surtidos de forma sencilla, intuitiva y r\u00e1pida. QPoint ofrece una descripci\u00f3n general inmediata, f\u00e1cil de usar e integrada de precios y surtidos para folletos, estanter\u00edas, comercio electr\u00f3nico y newsletter. Se diferencia de otras herramientas de seguimiento de precios por el alcance y la precisi\u00f3n del an\u00e1lisis que realizamos sobre los datos, capaces de ofrecer a nuestros clientes una visi\u00f3n unificada de varios canales de los mercados en los que operan.<\/p>\n\n\n\n<h2 class=\"wp-block-heading\"><strong>\u00bfLa respuesta al multicanal? Se llama QPoint<\/strong><\/h2>\n\n\n\n<div class=\"wp-block-columns is-layout-flex wp-container-core-columns-is-layout-9d6595d7 wp-block-columns-is-layout-flex\">\n<div class=\"wp-block-column is-layout-flow wp-block-column-is-layout-flow\" style=\"flex-basis:33.33%\">\n<hr class=\"wp-block-separator is-style-theme-separator\"\/>\n<\/div>\n\n\n\n<div class=\"wp-block-column is-layout-flow wp-block-column-is-layout-flow\" style=\"flex-basis:66.66%\">\n<p>A primera vista, podr\u00eda parecer que el seguimiento de precios online, un an\u00e1lisis de los precios de los folletos regionales o el seguimiento de una tienda f\u00edsica son actividades heterog\u00e9neas. No con QPoint: solo un clic para explorar, investigar, analizar y compartir conocimientos de forma integrada.<\/p>\n\n\n\n<p><em>\u00abLa mejor respuesta al desaf\u00edo multicanal, entendido como una pluralidad de puntos de contacto que un consumidor puede utilizar para su experiencia de compra, es tener una visi\u00f3n integrada de inteligencia de precios\u00bb<\/em><\/p>\n\n\n\n<p>Y cuando hablamos de integraci\u00f3n, no solo estamos hablando del hecho de que todos los m\u00f3dulos son accesibles desde un solo hub o que est\u00e1n desarrollados para compartir la misma interfaz y la misma filosof\u00eda de navegaci\u00f3n: estamos hablando de compartir un modelo de datos, gracias a lo cual todos nuestros m\u00f3dulos utilizan estructuras de datos comunes para productos, cadenas y tiendas.<\/p>\n<\/div>\n<\/div>\n\n\n\n<h2 class=\"wp-block-heading\"><strong><strong>Por qu\u00e9 elegir QPoint<\/strong><\/strong><\/h2>\n\n\n\n<div class=\"wp-block-columns is-layout-flex wp-container-core-columns-is-layout-9d6595d7 wp-block-columns-is-layout-flex\">\n<div class=\"wp-block-column is-layout-flow wp-block-column-is-layout-flow\" style=\"flex-basis:33.33%\">\n<hr class=\"wp-block-separator is-style-theme-separator\"\/>\n<\/div>\n\n\n\n<div class=\"wp-block-column is-layout-flow wp-block-column-is-layout-flow\" style=\"flex-basis:66.66%\">\n<ul class=\"wp-block-list\"><li>Plataforma multicanal integrada<\/li><li>Intuitivo y sencillo de usar<\/li><li>Capacidades de exploraci\u00f3n, b\u00fasqueda y an\u00e1lisis preconfiguradas y personalizadas<\/li><li>Posibilidad de personalizar la base de datos<\/li><li>Una herramienta \u00fanica para las diversas funciones de la empresa (comercial, marketing, trade marketing, category u buyer)<\/li><\/ul>\n\n\n\n<p><\/p>\n<\/div>\n<\/div>\n\n\n\n<div style=\"text-align:center\" class=\"wp-block-genesis-blocks-gb-button gb-block-button\"><a href=\"https:\/\/www.qberg.com\/es\/contactenos\/\" class=\"gb-button gb-button-shape-square gb-button-size-medium\" style=\"color:#ffffff;background-color:#8d1d80\">Prueba ahora QPoint<\/a><\/div>\n\n\n\n<div style=\"height:50px\" aria-hidden=\"true\" class=\"wp-block-spacer\"><\/div>\n\n\n\n<h2 class=\"wp-block-heading\"><strong><strong>Obtenga m\u00e1s informaci\u00f3n sobre los m\u00f3dulos de QPoint<\/strong><\/strong><\/h2>\n\n\n\n<div class=\"wp-block-genesis-blocks-gb-columns gb-layout-columns-3 gb-3-col-equal\" style=\"margin-bottom:20px\"><div class=\"gb-layout-column-wrap gb-block-layout-column-gap-2 gb-is-responsive-column\">\n<div class=\"wp-block-genesis-blocks-gb-column alto100 gb-block-layout-column\"><div class=\"gb-block-layout-column-inner gb-has-custom-background-color\" style=\"padding:15px;background-color:#faf7f4\">\n<div class=\"wp-block-genesis-blocks-gb-container gb-block-container\"><div class=\"gb-container-inside\"><div class=\"gb-container-content\">\n<p class=\"has-text-align-center nomargin fontaleo has-theme-primary-background-color has-background\"><span style=\"color:#ffffff\" class=\"has-inline-color\"><strong><a href=\"https:\/\/www.qberg.com\/es\/soluciones\/seguimiento-folletos\/\" data-type=\"page\" data-id=\"1785\">QPoint FLYER<\/a><\/strong><\/span><\/p>\n<\/div><\/div><\/div>\n\n\n\n<div style=\"height:20px\" aria-hidden=\"true\" class=\"wp-block-spacer\"><\/div>\n\n\n\n<p class=\"has-text-align-center\" style=\"font-size:16px\">Seguimiento y an\u00e1lisis de flyers promocionales<\/p>\n<\/div><\/div>\n\n\n\n<div class=\"wp-block-genesis-blocks-gb-column alto100 gb-block-layout-column\"><div class=\"gb-block-layout-column-inner gb-has-custom-background-color\" style=\"padding:15px;background-color:#faf7f4\">\n<p class=\"has-text-align-center nomargin fontaleo has-theme-primary-background-color has-background\"><span style=\"color:#ffffff\" class=\"has-inline-color\"><strong><a href=\"https:\/\/www.qberg.com\/es\/soluciones\/seguimiento-surtidos-tienda\/\" data-type=\"page\" data-id=\"1789\">QPoint STORE<\/a><\/strong><\/span><\/p>\n\n\n\n<div style=\"height:20px\" aria-hidden=\"true\" class=\"wp-block-spacer\"><\/div>\n\n\n\n<p class=\"has-text-align-center\" style=\"font-size:16px\">Seguimiento y an\u00e1lisis de la estanter\u00eda f\u00edsica en los puntos de venta<\/p>\n<\/div><\/div>\n\n\n\n<div class=\"wp-block-genesis-blocks-gb-column alto100 gb-block-layout-column\"><div class=\"gb-block-layout-column-inner gb-has-custom-background-color\" style=\"padding:15px;background-color:#faf7f4\">\n<p class=\"has-text-align-center nomargin fontaleo paddingridotto has-theme-primary-background-color has-background\"><span style=\"color:#ffffff\" class=\"has-inline-color\"><strong><a href=\"https:\/\/www.qberg.com\/es\/soluciones\/promociones-web\/\" data-type=\"page\" data-id=\"1773\">QPoint WEB PROMO<\/a><\/strong><\/span><\/p>\n\n\n\n<div style=\"height:20px\" aria-hidden=\"true\" class=\"wp-block-spacer\"><\/div>\n\n\n\n<p class=\"has-text-align-center\" style=\"font-size:16px\">Seguimiento y an\u00e1lisis de campa\u00f1as de los sitios de comercio electr\u00f3nico<\/p>\n<\/div><\/div>\n<\/div><\/div>\n\n\n\n<div class=\"wp-block-genesis-blocks-gb-columns gb-layout-columns-3 gb-3-col-equal\" style=\"margin-bottom:20px\"><div class=\"gb-layout-column-wrap gb-block-layout-column-gap-2 gb-is-responsive-column\">\n<div class=\"wp-block-genesis-blocks-gb-column alto100 gb-block-layout-column\"><div class=\"gb-block-layout-column-inner gb-has-custom-background-color\" style=\"padding:15px;background-color:#faf7f4\">\n<div class=\"wp-block-genesis-blocks-gb-container gb-block-container\"><div class=\"gb-container-inside\"><div class=\"gb-container-content\">\n<p class=\"has-text-align-center nomargin fontaleo has-theme-primary-background-color has-background\"><span style=\"color:#ffffff\" class=\"has-inline-color\"><strong><a href=\"https:\/\/www.qberg.com\/es\/soluciones\/seguimiento-precios-ecommerce\/\" data-type=\"page\" data-id=\"1784\">QPoint WEB<\/a><\/strong><\/span><\/p>\n<\/div><\/div><\/div>\n\n\n\n<p class=\"has-text-align-center\" style=\"font-size:16px\">Seguimiento y an\u00e1lisis de sitios de comercio electr\u00f3nico<\/p>\n<\/div><\/div>\n\n\n\n<div class=\"wp-block-genesis-blocks-gb-column alto100 gb-block-layout-column\"><div class=\"gb-block-layout-column-inner gb-has-custom-background-color\" style=\"padding:15px;background-color:#faf7f4\">\n<p class=\"has-text-align-center nomargin fontaleo has-theme-primary-background-color has-background\"><span style=\"color:#ffffff\" class=\"has-inline-color\"><strong><a href=\"https:\/\/www.qberg.com\/es\/soluciones\/seguimiento-newsletter\/\" data-type=\"page\" data-id=\"1782\">QPoint NEWS<\/a><\/strong><\/span><\/p>\n\n\n\n<p class=\"has-text-align-center\" style=\"font-size:16px\">Seguimiento de newsletter<\/p>\n<\/div><\/div>\n\n\n\n<div class=\"wp-block-genesis-blocks-gb-column alto100 gb-block-layout-column\"><div class=\"gb-block-layout-column-inner gb-has-custom-background-color\" style=\"padding:15px;background-color:#faf7f4\">\n<p class=\"has-text-align-center nomargin fontaleo has-theme-primary-background-color has-background\"><span style=\"color:#ffffff\" class=\"has-inline-color\"><strong><a href=\"https:\/\/www.qberg.com\/es\/soluciones\/comparacion-precios-multicanal\/\" data-type=\"page\" data-id=\"1772\">QSearch<\/a><\/strong><\/span><\/p>\n\n\n\n<div style=\"height:20px\" aria-hidden=\"true\" class=\"wp-block-spacer\"><\/div>\n\n\n\n<p class=\"has-text-align-center\" style=\"font-size:16px\">Comparaci\u00f3n de precios multicanal<\/p>\n<\/div><\/div>\n<\/div><\/div>\n","protected":false},"excerpt":{"rendered":"<p>Con QPoint, nuestra plataforma multicanal, es posible obtener informaci\u00f3n sobre precios y surtidos de forma sencilla, intuitiva y r\u00e1pida. QPoint ofrece una descripci\u00f3n general inmediata, f\u00e1cil de usar e integrada de precios y surtidos para folletos, estanter\u00edas, comercio electr\u00f3nico y newsletter. Se diferencia de otras herramientas de seguimiento de precios por el alcance y la [&hellip;]<\/p>\n","protected":false},"author":4,"featured_media":1786,"parent":0,"menu_order":0,"comment_status":"closed","ping_status":"closed","template":"templates\/blocks.php","meta":{"_genesis_hide_title":true,"_genesis_hide_breadcrumbs":true,"_genesis_hide_singular_image":true,"_genesis_hide_footer_widgets":false,"_genesis_custom_body_class":"","_genesis_custom_post_class":"","_genesis_layout":"","footnotes":""},"class_list":{"0":"post-1806","1":"page","2":"type-page","3":"status-publish","4":"has-post-thumbnail","6":"entry"},"featured_image_src":"https:\/\/www.qberg.com\/wp-content\/uploads\/2020\/11\/architecture-2083687_1920-600x400.jpg","featured_image_src_square":"https:\/\/www.qberg.com\/wp-content\/uploads\/2020\/11\/architecture-2083687_1920-600x600.jpg","_links":{"self":[{"href":"https:\/\/www.qberg.com\/es\/wp-json\/wp\/v2\/pages\/1806","targetHints":{"allow":["GET"]}}],"collection":[{"href":"https:\/\/www.qberg.com\/es\/wp-json\/wp\/v2\/pages"}],"about":[{"href":"https:\/\/www.qberg.com\/es\/wp-json\/wp\/v2\/types\/page"}],"author":[{"embeddable":true,"href":"https:\/\/www.qberg.com\/es\/wp-json\/wp\/v2\/users\/4"}],"replies":[{"embeddable":true,"href":"https:\/\/www.qberg.com\/es\/wp-json\/wp\/v2\/comments?post=1806"}],"version-history":[{"count":0,"href":"https:\/\/www.qberg.com\/es\/wp-json\/wp\/v2\/pages\/1806\/revisions"}],"wp:featuredmedia":[{"embeddable":true,"href":"https:\/\/www.qberg.com\/es\/wp-json\/wp\/v2\/media\/1786"}],"wp:attachment":[{"href":"https:\/\/www.qberg.com\/es\/wp-json\/wp\/v2\/media?parent=1806"}],"curies":[{"name":"wp","href":"https:\/\/api.w.org\/{rel}","templated":true}]}}