{"id":3708,"date":"2022-03-22T17:37:43","date_gmt":"2022-03-22T16:37:43","guid":{"rendered":"https:\/\/www.qberg.com\/?page_id=3708"},"modified":"2025-09-10T16:42:59","modified_gmt":"2025-09-10T14:42:59","slug":"politica-privacidad","status":"publish","type":"page","link":"https:\/\/www.qberg.com\/es\/politica-privacidad\/","title":{"rendered":"Aviso de Privacidad en cumplimiento del \u00abDecreto Legislativo 196\/2003\u00bb, as\u00ed como del Reglamento UE 679\/2016"},"content":{"rendered":"<div class=\"cli_pg_page_contaner\">\n<h3><\/h3>\n<\/div>\n\n\n<h2 class=\"wp-block-heading\" id=\"chi-e-il-titolare-del-trattamento-e-quali-sono-i-suoi-recapiti\">\u00bfQui\u00e9n es el responsable del tratamiento y cu\u00e1les son sus datos de contacto?<\/h2>\n\n\n<div class=\"cli_pg_page_contaner\">\n<p>El responsable del tratamiento es QBerg Srl, V.le Carlo Forlanini 50, 20024 Garbagnate Milanese (MI), Italia.<\/p>\n<div>\n<h2 class=\"fusion-responsive-typography-calculated\" data-fontsize=\"28\" data-lineheight=\"36.4px\">\u00bfQu\u00e9 datos tratamos?<\/h2>\n<h3>Datos de navegaci\u00f3n<\/h3>\n<p>El \u00fanico dato personal que potencialmente tenemos en nuestro poder, en relaci\u00f3n con su acceso al sitio web https:\/\/www.qberg.com, es su direcci\u00f3n IP, asociada a los registros de navegaci\u00f3n (instancia, fecha y hora). No obstante, el Responsable del tratamiento recopila los datos antes mencionados exclusivamente con fines de seguridad, en relaci\u00f3n con el acceso a los sistemas. Los datos podr\u00e1n ser comunicados a las autoridades competentes, previa orden de \u00e9stas, por razones de seguridad y de inter\u00e9s p\u00fablico. Los registros de navegaci\u00f3n se conservar\u00e1n durante un m\u00e1ximo de 24 meses.<\/p>\n<h3>Datos de solicitudes a trav\u00e9s del formulario \u00abCont\u00e1ctenos\u00bb<\/h3>\n<p>Sus datos no ser\u00e1n almacenados ni estructurados. Se enviar\u00e1 un correo electr\u00f3nico de correspondencia a trav\u00e9s de este formulario. Por lo tanto, sus datos no ser\u00e1n procesados \u200b\u200bde ninguna manera, de conformidad con el reglamento de la UE 2016\/679.<\/p>\n<h2>Pol\u00edtica de cookies<\/h2>\n<h3>\u00bfQu\u00e9 son las cookies?<\/h3>\n<p>Las cookies son peque\u00f1os archivos de texto que se utilizan para almacenar peque\u00f1a informaci\u00f3n. Se almacenan en su dispositivo cuando el sitio web se carga en su navegador. Estas cookies nos ayudan a hacer que el sitio web funcione correctamente, hacerlo m\u00e1s seguro, brindar una mejor experiencia de usuario y comprender c\u00f3mo funciona el sitio web y analizar qu\u00e9 funciona y d\u00f3nde necesita mejorar.<\/p>\n<h3>C\u00f3mo usamos las cookies?<\/h3>\n<p>Este sitio utiliza cookies de terceros para la elaboraci\u00f3n de perfiles y an\u00e1lisis de rendimiento.<\/p>\n<p>Las cookies de terceros utilizadas en nuestro sitio web sirven principalmente para comprender c\u00f3mo funciona el sitio web, c\u00f3mo interact\u00faa con nuestro sitio web, mantener nuestros servicios seguros, en definitiva, brindarle una mejor experiencia de usuario y ayudarlo a acelerar la suya. futuras interacciones con nuestro sitio web.<\/p>\n<h3>\u00bfC\u00f3mo puedo comprobar mi configuraci\u00f3n de cookies?<\/h3>\n<p>Puede modificar o retirar su consentimiento en cualquier momento. Su consentimiento se aplica al siguiente dominio: qberg.com.<\/p>\n<p>En caso de que desee cambiar su consentimiento, haga clic en el enlace a continuaci\u00f3n: esto mostrar\u00e1 nuevamente el procedimiento de consentimiento, lo que le permitir\u00e1 cambiarlo.<\/p>\n<\/div>\n<p>Maneje su consentimiento: <em><a role='button' tabindex='0' class=\"medium cli-plugin-button cli-plugin-main-button cli_settings_button\">Configuraci\u00f3n de cookies<\/a><\/em><\/p>\n<\/div>\n<h3>\u00a0<\/h3>\n\n\n<h2 class=\"wp-block-heading\" id=\"quali-diritti-puo-esercitare-l-interessato\">\u00bfQu\u00e9 derechos puede ejercer el interesado?<\/h2>\n\n\n\n<p><\/p>\n\n\n\n<ol class=\"wp-block-list\">\n<li>El interesado tiene derecho a obtener la confirmaci\u00f3n de la existencia o no de datos personales que le conciernen, aunque a\u00fan no est\u00e9n registrados, y su comunicaci\u00f3n en forma inteligible.<\/li>\n\n\n\n<li>El interesado tiene derecho a obtener la indicaci\u00f3n:\n<ol class=\"wp-block-list\">\n<li>el origen de los datos personales;<\/li>\n\n\n\n<li>los fines y m\u00e9todos del procesamiento;<\/li>\n\n\n\n<li>la l\u00f3gica aplicada en caso de procesamiento realizado con la ayuda de herramientas electr\u00f3nicas;<\/li>\n\n\n\n<li>la identidad del titular, administrador y representante;<\/li>\n\n\n\n<li>de los sujetos o categor\u00edas de sujetos a quienes los datos personales pueden ser comunicados o que pueden conocerlos como representante designado en el Estado, encargados o agentes.<\/li>\n<\/ol>\n<\/li>\n\n\n\n<li>El interesado tiene derecho a obtener:\n<ol class=\"wp-block-list\">\n<li>actualizaci\u00f3n, rectificaci\u00f3n o, en su caso, integraci\u00f3n de datos;<\/li>\n\n\n\n<li>la cancelaci\u00f3n, transformaci\u00f3n en forma an\u00f3nima o bloqueo de datos procesados \u200b\u200ben violaci\u00f3n de la ley, incluidos aquellos que no necesitan ser conservados para los fines para los cuales los datos fueron recopilados o posteriormente procesados;<\/li>\n\n\n\n<li>la constancia de que las operaciones a que se refieren las letras a) y b) han sido puestas en conocimiento, tambi\u00e9n en cuanto a su contenido, de aquellos a quienes se han comunicado o difundido los datos, salvo en el caso en que este cumplimiento resulte imposible o implica el uso de medios manifiestamente desproporcionados con el derecho protegido.<\/li>\n<\/ol>\n<\/li>\n\n\n\n<li>El interesado tiene derecho a oponerse, en todo o en parte:\n<ol class=\"wp-block-list\">\n<li>por motivos leg\u00edtimos, al tratamiento de los datos personales que le conciernen, aunque sean pertinentes para la finalidad de la recogida;<\/li>\n\n\n\n<li>al procesamiento de datos personales que le conciernen para la consecuci\u00f3n de fines no contemplados en el art. 2.<\/li>\n<\/ol>\n<\/li>\n<\/ol>\n\n\n\n<h3 class=\"wp-block-heading\">\u00bfC\u00f3mo puede ejercer sus derechos?<\/h3>\n\n\n\n<ul class=\"wp-block-list\">\n<li>por correo, con una \u00abRaccomandata a.r\u00bb. a QBerg Srl, V.le Carlo Forlanini 50, 20024 Garbagnate Milanese (MI), Italia;<\/li>\n\n\n\n<li>un correo electr\u00f3nico certificado a  amministrazione@pec.qberg.com.<\/li>\n<\/ul>\n\n\n\n<h2 class=\"wp-block-heading\">Informaci\u00f3n para clientes<\/h2>\n\n\n\n<p>Para garantizar transparencia y correcci\u00f3n, publicamos la informaci\u00f3n para clientes elaborada por nuestro DPO, que contiene todos los detalles sobre el tratamiento de los datos personales.<br>Puedes descargar el documento en <a href=\"https:\/\/www.qberg.com\/wp-content\/uploads\/2025\/09\/Informativa-Clienti.pdf\" data-type=\"link\" data-id=\"https:\/\/www.qberg.com\/wp-content\/uploads\/2025\/09\/Informativa-Clienti.pdf\">este enlace<\/a>.<\/p>\n","protected":false},"excerpt":{"rendered":"<p>\u00bfQui\u00e9n es el responsable del tratamiento y cu\u00e1les son sus datos de contacto? El responsable del tratamiento es QBerg Srl, V.le Carlo Forlanini 50, 20024 Garbagnate Milanese (MI), Italia. \u00bfQu\u00e9 datos tratamos? Datos de navegaci\u00f3n El \u00fanico dato personal que potencialmente tenemos en nuestro poder, en relaci\u00f3n con su acceso al sitio web https:\/\/www.qberg.com, es [&hellip;]<\/p>\n","protected":false},"author":4,"featured_media":0,"parent":0,"menu_order":0,"comment_status":"closed","ping_status":"closed","template":"","meta":{"_genesis_hide_title":false,"_genesis_hide_breadcrumbs":false,"_genesis_hide_singular_image":false,"_genesis_hide_footer_widgets":false,"_genesis_custom_body_class":"","_genesis_custom_post_class":"","_genesis_layout":"","footnotes":""},"class_list":{"0":"post-3708","1":"page","2":"type-page","3":"status-publish","5":"entry"},"featured_image_src":null,"featured_image_src_square":null,"_links":{"self":[{"href":"https:\/\/www.qberg.com\/es\/wp-json\/wp\/v2\/pages\/3708","targetHints":{"allow":["GET"]}}],"collection":[{"href":"https:\/\/www.qberg.com\/es\/wp-json\/wp\/v2\/pages"}],"about":[{"href":"https:\/\/www.qberg.com\/es\/wp-json\/wp\/v2\/types\/page"}],"author":[{"embeddable":true,"href":"https:\/\/www.qberg.com\/es\/wp-json\/wp\/v2\/users\/4"}],"replies":[{"embeddable":true,"href":"https:\/\/www.qberg.com\/es\/wp-json\/wp\/v2\/comments?post=3708"}],"version-history":[{"count":0,"href":"https:\/\/www.qberg.com\/es\/wp-json\/wp\/v2\/pages\/3708\/revisions"}],"wp:attachment":[{"href":"https:\/\/www.qberg.com\/es\/wp-json\/wp\/v2\/media?parent=3708"}],"curies":[{"name":"wp","href":"https:\/\/api.w.org\/{rel}","templated":true}]}}