{"id":5305,"date":"2022-11-24T10:59:48","date_gmt":"2022-11-24T09:59:48","guid":{"rendered":"https:\/\/www.qberg.com\/?page_id=5305"},"modified":"2023-10-16T13:43:11","modified_gmt":"2023-10-16T11:43:11","slug":"que-quieres-hacer","status":"publish","type":"page","link":"https:\/\/www.qberg.com\/es\/que-quieres-hacer\/","title":{"rendered":"\u00bfQu\u00e9 quieres hacer?"},"content":{"rendered":"\n<div class=\"wp-block-genesis-blocks-gb-columns gb-layout-columns-1 one-column gb-background-cover gb-background-no-repeat gb-columns-center alignfull\" style=\"padding-top:4%;padding-right:8%;padding-bottom:4%;padding-left:8%;background-image:url(https:\/\/www.qberg.com\/wp-content\/uploads\/2020\/11\/01-QB-2020.jpg);background-position:62% 61%\"><div class=\"gb-layout-column-wrap gb-block-layout-column-gap-0 gb-is-responsive-column\" style=\"max-width:1200px\">\n<div class=\"wp-block-genesis-blocks-gb-column gb-block-layout-column\"><div class=\"gb-block-layout-column-inner\">\n<h1 class=\"wp-block-heading is-style-xl-text\"><mark style=\"background-color:rgba(0, 0, 0, 0);color:#ffffff\" class=\"has-inline-color\">\u00bfQu\u00e9 quieres hacer?<\/mark><\/h1>\n<\/div><\/div>\n<\/div><\/div>\n\n\n\n<p><\/p>\n\n\n\n<h2 class=\"wp-block-heading\"><strong>Monitoreo de la competencia<\/strong><\/h2>\n\n\n\n<div class=\"wp-block-columns is-layout-flex wp-container-core-columns-is-layout-9d6595d7 wp-block-columns-is-layout-flex\">\n<div class=\"wp-block-column is-layout-flow wp-block-column-is-layout-flow\" style=\"flex-basis:25%\">\n<hr class=\"wp-block-separator has-alpha-channel-opacity\"\/>\n<\/div>\n\n\n\n<div class=\"wp-block-column is-layout-flow wp-block-column-is-layout-flow\" style=\"flex-basis:75%\">\n<p>Tanto si eres un fabricante, una marca de distribuci\u00f3n o un distribuidor B2B, monitorear a la competencia es una actividad necesaria para tomar las decisiones correctas.<\/p>\n\n\n\n<p>Y no estamos hablando solo de decisiones relacionadas con el precio, sino con los surtidos, el posicionamiento de la marca, la tendencia general del mercado en el que operas.<\/p>\n<\/div>\n<\/div>\n\n\n\n<p>Todo en una l\u00f3gica multicanal: offline, gracias al seguimiento continuo de folletos promocionales y de las estanter\u00edas en tiendas f\u00edsicas, y online, gracias al seguimiento diario y por hora de los sitios e-commerce y promociones web.<\/p>\n\n\n\n<p>Si tu necesidad es monitorear a la competencia, visita nuestra p\u00e1gina de <a href=\"https:\/\/www.qberg.com\/es\/soluciones\/\" data-type=\"page\" data-id=\"1806\">Soluciones<\/a>.<\/p>\n\n\n\n<h2 class=\"wp-block-heading\"><strong>Comparaci\u00f3n de precios<\/strong><\/h2>\n\n\n\n<p>Seguir el precio de sus productos en los distintos canales, online u offline, o asegurarse de que el precio de su surtido sea siempre competitivo: sea cual sea tu necesidad, necesitas herramientas que te ayuden a monitorear, comparar y analizar los precios.<\/p>\n\n\n\n<p>No simples fotograf\u00edas, sino un seguimiento continuo y multicanal. Puedes activar flujos de datos autom\u00e1ticos para alimentar tus plataformas de e-commerce o \u201cbusiness intelligence\u201d, pero tambi\u00e9n puedes utilizar nuestra plataforma QPoint para construir tus an\u00e1lisis de mercado y as\u00ed tener una visi\u00f3n general a largo plazo que le permita tomar sus decisiones respaldadas por datos.<\/p>\n\n\n\n<p>Si tu necesidad es la comparaci\u00f3n de precios, visita nuestra p\u00e1gina de <a href=\"https:\/\/www.qberg.com\/es\/soluciones\/\" data-type=\"page\" data-id=\"1806\">Soluciones<\/a>.<\/p>\n\n\n\n<h2 class=\"wp-block-heading\"><strong>Estrategias de surtido en punto de venta y e-commerce<\/strong><\/h2>\n\n\n\n<p>Tomar decisiones sobre tus estrategias de surtido no es una operaci\u00f3n que pueda realizarse \u00aben la oscuridad\u00bb. La informaci\u00f3n sobre tus productos por s\u00ed sola no es suficiente: se necesita conocer el estante (ya sea f\u00edsico u online) de manera completa. Atributos de visualizaci\u00f3n, participaci\u00f3n de visualizaci\u00f3n de sus competidores, disponibilidad de productos: estas son algunas de las informaciones que te apoyan en el posicionamiento correcto de tus productos, en t\u00e9rminos de precio y m\u00e1s.<\/p>\n\n\n\n<p>Si tu necesidad es realizar estrategias de surtido, visita nuestra p\u00e1gina de <a href=\"https:\/\/www.qberg.com\/es\/soluciones\/\" data-type=\"page\" data-id=\"1806\">Soluciones<\/a>.<\/p>\n\n\n\n<h2 class=\"wp-block-heading\"><strong>Dynamic pricing<\/strong><\/h2>\n\n\n\n<p>Si gestionas un e-commerce, debes asegurarte de que los productos que ofreces tengan un precio competitivo frente a los que ofrece el e-commerce de la competencia.<\/p>\n\n\n\n<p>La comparaci\u00f3n de precios, con el correspondiente seguimiento de precios y surtido, es el primer paso: el siguiente paso es integrar esta informaci\u00f3n con una herramienta capaz de incorporar tu informaci\u00f3n interna (stock, precios de compra, margen m\u00ednimo, etc.) y procesarla de acuerdo con reglas de negocio establecidas a imagen y semejanza de tu estrategia comercial.<\/p>\n\n\n\n<p>Es por eso que nuestro m\u00f3dulo Dynamic Pricing es la soluci\u00f3n adecuada para ti: bas\u00e1ndose en la informaci\u00f3n de comparaci\u00f3n de precios online y offline, el m\u00f3dulo podr\u00e1 sugerirte el mejor precio para proponer en tu cat\u00e1logo.<\/p>\n\n\n\n<h2 class=\"wp-block-heading\"><strong>Seguimiento y planificaci\u00f3n de las acciones promocionales<\/strong><\/h2>\n\n\n\n<p>Las acciones promocionales, tanto offline a trav\u00e9s de folletos o promociones en tiendas, como online, a trav\u00e9s de campa\u00f1as web, son una actividad que tienen unas caracter\u00edsticas de complejidad, variabilidad y n\u00famero que hacen que no puedan ser implementadas sin herramientas capaces de darte una visi\u00f3n completa de la promoci\u00f3n.<\/p>\n\n\n\n<p>Verifica la aplicaci\u00f3n de los acuerdos realizados con los minoristas, mant\u00e9n bajo control la actividad promocional de tus competidores, crea y planifica tus promociones: estas son solo algunas de las caracter\u00edsticas de nuestra plataforma.<\/p>\n\n\n\n<p>Si tu necesidad es la gesti\u00f3n de estrategias promocionales, visita nuestra p\u00e1gina de <a href=\"https:\/\/www.qberg.com\/es\/soluciones\/\" data-type=\"page\" data-id=\"1806\">Soluciones<\/a>.<\/p>\n\n\n\n<h2 class=\"wp-block-heading\"><strong>Soporte en la tienda f\u00edsica<\/strong><\/h2>\n\n\n\n<p>Preparar tu cuenta comercial para una visita a la tienda, verificar surtidos y cumplimiento de cuotas de g\u00f3ndola, planificar exposici\u00f3n, verifica si tus marcas se exhiben a precios competitivos: o compara tu mix de g\u00f3ndola con el de tus competidores, monitorea la marca de la competencia en t\u00e9rminos de posicionamiento de precios y opciones de surtido, verificar las brechas de surtido con respecto a la competencia.<\/p>\n\n\n\n<p>O tambi\u00e9n, realizar operaciones ad-hoc dentro de la tienda: mediciones, posicionamiento de materiales POP, controles de calidad, investigaci\u00f3n \u201cmystery\u201d y etnogr\u00e1fica, promotores de productos o marcas.<\/p>\n\n\n\n<p>Estas son solo algunas de las funciones a las que puede acceder gracias a nuestra plataforma y nuestros servicios. Ya seas una industria o un minorista, tenemos la informaci\u00f3n para apoyarte en tus decisiones y las personas para aplicarlas en las tiendas f\u00edsicas.<\/p>\n\n\n\n<p>Si tu necesidad es asistencia en el punto de venta f\u00edsico, visita nuestra p\u00e1gina de Soluciones o nuestra p\u00e1gina de <a href=\"https:\/\/www.qberg.com\/es\/servicios\/\" data-type=\"page\" data-id=\"1801\">Servicios<\/a>.<\/p>\n\n\n\n<h2 class=\"wp-block-heading\"><strong>Reportes direccionales y an\u00e1lisis predictivo<\/strong><\/h2>\n\n\n\n<p>La gran cantidad de datos recopilados y organizados en nuestra plataforma puede adquirir un valor a\u00fan m\u00e1s estrat\u00e9gico si se integra con tus datos internos y se enriquece con datos de fuentes externas open data. Todo ello, gracias a un soporte de consultor\u00eda capaz de elaborar un estudio a tu medida en el que basar\u00e1s tus decisiones operativas.<\/p>\n\n\n\n<p>De los an\u00e1lisis de escenarios finales, capaces de explicar los fen\u00f3menos, a los estudios predictivos que, apoy\u00e1ndose en la multiplicidad de variables causales, produzcan un modelo capaz de apoyarte en las decisiones estrat\u00e9gicas de tu negocio: esto es lo que podemos ofrecerte con nuestro \u201cdata scientist\u201d.<\/p>\n\n\n\n<p>Si tu necesidad es tener reportes direccionales o an\u00e1lisis predictivos, visita nuestra p\u00e1gina de <a href=\"https:\/\/www.qberg.com\/es\/servicios\/\" data-type=\"page\" data-id=\"1801\">Servicios<\/a><\/p>\n","protected":false},"excerpt":{"rendered":"<p>Monitoreo de la competencia Tanto si eres un fabricante, una marca de distribuci\u00f3n o un distribuidor B2B, monitorear a la competencia es una actividad necesaria para tomar las decisiones correctas. Y no estamos hablando solo de decisiones relacionadas con el precio, sino con los surtidos, el posicionamiento de la marca, la tendencia general del mercado [&hellip;]<\/p>\n","protected":false},"author":4,"featured_media":1768,"parent":0,"menu_order":0,"comment_status":"closed","ping_status":"closed","template":"templates\/blocks.php","meta":{"_genesis_hide_title":true,"_genesis_hide_breadcrumbs":false,"_genesis_hide_singular_image":true,"_genesis_hide_footer_widgets":false,"_genesis_custom_body_class":"","_genesis_custom_post_class":"","_genesis_layout":"full-width-content","footnotes":""},"class_list":{"0":"post-5305","1":"page","2":"type-page","3":"status-publish","4":"has-post-thumbnail","6":"entry"},"featured_image_src":"https:\/\/www.qberg.com\/wp-content\/uploads\/2020\/11\/01-QB-2020-600x400.jpg","featured_image_src_square":"https:\/\/www.qberg.com\/wp-content\/uploads\/2020\/11\/01-QB-2020-600x600.jpg","_links":{"self":[{"href":"https:\/\/www.qberg.com\/es\/wp-json\/wp\/v2\/pages\/5305","targetHints":{"allow":["GET"]}}],"collection":[{"href":"https:\/\/www.qberg.com\/es\/wp-json\/wp\/v2\/pages"}],"about":[{"href":"https:\/\/www.qberg.com\/es\/wp-json\/wp\/v2\/types\/page"}],"author":[{"embeddable":true,"href":"https:\/\/www.qberg.com\/es\/wp-json\/wp\/v2\/users\/4"}],"replies":[{"embeddable":true,"href":"https:\/\/www.qberg.com\/es\/wp-json\/wp\/v2\/comments?post=5305"}],"version-history":[{"count":0,"href":"https:\/\/www.qberg.com\/es\/wp-json\/wp\/v2\/pages\/5305\/revisions"}],"wp:featuredmedia":[{"embeddable":true,"href":"https:\/\/www.qberg.com\/es\/wp-json\/wp\/v2\/media\/1768"}],"wp:attachment":[{"href":"https:\/\/www.qberg.com\/es\/wp-json\/wp\/v2\/media?parent=5305"}],"curies":[{"name":"wp","href":"https:\/\/api.w.org\/{rel}","templated":true}]}}