{"id":8366,"date":"2026-03-18T18:26:08","date_gmt":"2026-03-18T17:26:08","guid":{"rendered":"https:\/\/www.qberg.com\/boletin-suscripcion\/"},"modified":"2026-03-19T08:58:43","modified_gmt":"2026-03-19T07:58:43","slug":"boletin-suscripcion","status":"publish","type":"page","link":"https:\/\/www.qberg.com\/es\/boletin-suscripcion\/","title":{"rendered":"Bolet\u00edn QBerg"},"content":{"rendered":"\n<div class=\"wp-block-genesis-blocks-gb-columns gb-layout-columns-1 one-column gb-background-cover gb-background-no-repeat gb-columns-center alignfull\" style=\"padding-top:4%;padding-right:8%;padding-bottom:4%;padding-left:8%;background-image:url(https:\/\/www.qberg.com\/wp-content\/uploads\/2020\/11\/01-QB-2020.jpg);background-position:62% 61%\"><div class=\"gb-layout-column-wrap gb-block-layout-column-gap-0 gb-is-responsive-column\" style=\"max-width:1200px\">\n<div class=\"wp-block-genesis-blocks-gb-column gb-block-layout-column\"><div class=\"gb-block-layout-column-inner\">\n<h1 class=\"wp-block-heading is-style-xl-text\"><mark style=\"background-color:rgba(0, 0, 0, 0);color:#ffffff\" class=\"has-inline-color\">Bolet\u00edn QBerg<\/mark><\/h1>\n<\/div><\/div>\n<\/div><\/div>\n\n<h2 class=\"wp-block-heading\"><br\/><strong>Mantente al d\u00eda de las noticias y recibe nuestros art\u00edculos<\/strong><\/h2>\n\n<p>Suscr\u00edbete a nuestro bolet\u00edn para recibir actualizaciones sobre nuestros contenidos y servicios; selecciona los mercados que te interesan para recibir actualizaciones espec\u00edficas:<\/p>\n<div class=\"tnp tnp-subscription \">\n<form method=\"post\" action=\"https:\/\/www.qberg.com\/wp-admin\/admin-ajax.php?action=tnp&amp;na=s\">\n<input type=\"hidden\" name=\"nlang\" value=\"es\">\n<div class=\"tnp-field tnp-field-firstname\"><label for=\"tnp-1\">Nombre<\/label>\n<input class=\"tnp-name\" type=\"text\" name=\"nn\" id=\"tnp-1\" value=\"\" placeholder=\"Nombre\"><\/div>\n<div class=\"tnp-field tnp-field-surname\"><label for=\"tnp-2\">Apellidos<\/label>\n<input class=\"tnp-surname\" type=\"text\" name=\"ns\" id=\"tnp-2\" value=\"\" placeholder=\"Apellidos\"><\/div><div class=\"tnp-field tnp-field-email\"><label for=\"tnp-3\">Correo electr\u00f3nico*<\/label>\n<input class=\"tnp-email\" type=\"email\" name=\"ne\" id=\"tnp-3\" value=\"\" placeholder=\"Correo electr\u00f3nico\" required><\/div>\n<div class=\"tnp-field tnp-lists\"><div class=\"tnp-field tnp-field-checkbox tnp-field-list\"><label for=\"nl5\"><input type=\"checkbox\" id=\"nl5\" name=\"nl[]\" value=\"1\"> FMCG<\/label><\/div>\n<div class=\"tnp-field tnp-field-checkbox tnp-field-list\"><label for=\"nl6\"><input type=\"checkbox\" id=\"nl6\" name=\"nl[]\" value=\"2\"> Durable Goods<\/label><\/div>\n<div class=\"tnp-field tnp-field-checkbox tnp-field-list\"><label for=\"nl7\"><input type=\"checkbox\" id=\"nl7\" name=\"nl[]\" value=\"3\"> Pet Care<\/label><\/div>\n<div class=\"tnp-field tnp-field-checkbox tnp-field-list\"><label for=\"nl8\"><input type=\"checkbox\" id=\"nl8\" name=\"nl[]\" value=\"4\"> Pharma<\/label><\/div>\n<\/div><div class=\"tnp-field tnp-privacy-field\"><label><input type=\"checkbox\" name=\"ny\" required class=\"tnp-privacy\"> Acepto la pol\u00edtica de privacidad<\/label><\/div><div class=\"tnp-field tnp-field-button\" style=\"text-align: left\"><input class=\"tnp-submit\" type=\"submit\" value=\"Suscribirse\" style=\"\">\n<\/div>\n<\/form>\n<\/div>\n\n\n<p>Puedes cambiar tus preferencias o darte de baja en cualquier momento.<\/p>\n","protected":false},"excerpt":{"rendered":"<p>Mantente al d\u00eda de las noticias y recibe nuestros art\u00edculos Suscr\u00edbete a nuestro bolet\u00edn para recibir actualizaciones sobre nuestros contenidos y servicios; selecciona los mercados que te interesan para recibir actualizaciones espec\u00edficas: Puedes cambiar tus preferencias o darte de baja en cualquier momento.<\/p>\n","protected":false},"author":4,"featured_media":0,"parent":0,"menu_order":0,"comment_status":"closed","ping_status":"closed","template":"templates\/blocks.php","meta":{"_genesis_hide_title":false,"_genesis_hide_breadcrumbs":false,"_genesis_hide_singular_image":false,"_genesis_hide_footer_widgets":false,"_genesis_custom_body_class":"","_genesis_custom_post_class":"","_genesis_layout":"","footnotes":""},"class_list":{"0":"post-8366","1":"page","2":"type-page","3":"status-publish","5":"entry"},"featured_image_src":null,"featured_image_src_square":null,"_links":{"self":[{"href":"https:\/\/www.qberg.com\/es\/wp-json\/wp\/v2\/pages\/8366","targetHints":{"allow":["GET"]}}],"collection":[{"href":"https:\/\/www.qberg.com\/es\/wp-json\/wp\/v2\/pages"}],"about":[{"href":"https:\/\/www.qberg.com\/es\/wp-json\/wp\/v2\/types\/page"}],"author":[{"embeddable":true,"href":"https:\/\/www.qberg.com\/es\/wp-json\/wp\/v2\/users\/4"}],"replies":[{"embeddable":true,"href":"https:\/\/www.qberg.com\/es\/wp-json\/wp\/v2\/comments?post=8366"}],"version-history":[{"count":0,"href":"https:\/\/www.qberg.com\/es\/wp-json\/wp\/v2\/pages\/8366\/revisions"}],"wp:attachment":[{"href":"https:\/\/www.qberg.com\/es\/wp-json\/wp\/v2\/media?parent=8366"}],"curies":[{"name":"wp","href":"https:\/\/api.w.org\/{rel}","templated":true}]}}